{"id":39,"date":"2021-01-31T19:31:13","date_gmt":"2021-01-31T19:31:13","guid":{"rendered":"https:\/\/makulinna.fi\/?page_id=39"},"modified":"2023-01-07T21:47:30","modified_gmt":"2023-01-07T21:47:30","slug":"etusivu","status":"publish","type":"page","link":"https:\/\/makulinna.fi\/","title":{"rendered":""},"content":{"rendered":"\t\t<div data-elementor-type=\"wp-page\" data-elementor-id=\"39\" class=\"elementor elementor-39\">\n\t\t\t\t\t\t<section class=\"elementor-section elementor-top-section elementor-element elementor-element-4cc8bab elementor-section-boxed elementor-section-height-default elementor-section-height-default\" data-id=\"4cc8bab\" data-element_type=\"section\" data-e-type=\"section\">\n\t\t\t\t\t\t<div class=\"elementor-container elementor-column-gap-default\">\n\t\t\t\t\t<div class=\"elementor-column elementor-col-100 elementor-top-column elementor-element elementor-element-9b60344\" data-id=\"9b60344\" data-element_type=\"column\" data-e-type=\"column\">\n\t\t\t<div class=\"elementor-widget-wrap elementor-element-populated\">\n\t\t\t\t\t\t<div class=\"elementor-element elementor-element-1bd9559 elementor-widget elementor-widget-image\" data-id=\"1bd9559\" data-element_type=\"widget\" data-e-type=\"widget\" data-widget_type=\"image.default\">\n\t\t\t\t<div class=\"elementor-widget-container\">\n\t\t\t\t\t\t\t\t\t\t\t\t\t\t\t<img fetchpriority=\"high\" decoding=\"async\" width=\"295\" height=\"300\" src=\"https:\/\/makulinna.fi\/wp-content\/uploads\/2021\/01\/Color-logo-no-background-295x300.png\" class=\"attachment-medium size-medium wp-image-68\" alt=\"\" srcset=\"https:\/\/makulinna.fi\/wp-content\/uploads\/2021\/01\/Color-logo-no-background-295x300.png 295w, https:\/\/makulinna.fi\/wp-content\/uploads\/2021\/01\/Color-logo-no-background-1009x1024.png 1009w, https:\/\/makulinna.fi\/wp-content\/uploads\/2021\/01\/Color-logo-no-background-768x780.png 768w, https:\/\/makulinna.fi\/wp-content\/uploads\/2021\/01\/Color-logo-no-background-1513x1536.png 1513w, https:\/\/makulinna.fi\/wp-content\/uploads\/2021\/01\/Color-logo-no-background-2017x2048.png 2017w, https:\/\/makulinna.fi\/wp-content\/uploads\/2021\/01\/Color-logo-no-background-600x609.png 600w\" sizes=\"(max-width: 295px) 100vw, 295px\" \/>\t\t\t\t\t\t\t\t\t\t\t\t\t\t\t<\/div>\n\t\t\t\t<\/div>\n\t\t\t\t\t<\/div>\n\t\t<\/div>\n\t\t\t\t\t<\/div>\n\t\t<\/section>\n\t\t\t\t<section class=\"elementor-section elementor-top-section elementor-element elementor-element-cbf0aa elementor-section-boxed elementor-section-height-default elementor-section-height-default\" data-id=\"cbf0aa\" data-element_type=\"section\" data-e-type=\"section\">\n\t\t\t\t\t\t<div class=\"elementor-container elementor-column-gap-default\">\n\t\t\t\t\t<div class=\"elementor-column elementor-col-100 elementor-top-column elementor-element elementor-element-39f05c61\" data-id=\"39f05c61\" data-element_type=\"column\" data-e-type=\"column\">\n\t\t\t<div class=\"elementor-widget-wrap elementor-element-populated\">\n\t\t\t\t\t\t<div class=\"elementor-element elementor-element-471f9405 elementor-widget elementor-widget-text-editor\" data-id=\"471f9405\" data-element_type=\"widget\" data-e-type=\"widget\" data-widget_type=\"text-editor.default\">\n\t\t\t\t<div class=\"elementor-widget-container\">\n\t\t\t\t\t\t\t\t\t<p><\/p>\n<div class=\"wp-block-cover\">\n<div class=\"wp-block-cover__inner-container is-layout-flow wp-block-cover-is-layout-flow\">\n<p><\/p>\n<div id=\"metaslider-id-131\" style=\"width: 100%;\" class=\"ml-slider-3-108-0 metaslider metaslider-flex metaslider-131 ml-slider has-dots-nav ms-theme-default\" role=\"region\" aria-label=\"Etusivu\" data-height=\"800\" data-width=\"1280\">\n    <div id=\"metaslider_container_131\">\n        <div id=\"metaslider_131\">\n            <ul class='slides'>\n                <li style=\"display: block; width: 100%;\" class=\"slide-196 ms-image \" aria-roledescription=\"slide\" data-date=\"2021-02-12 18:58:29\" data-filename=\"IMG_20210126_071922-scaled-1280x800.jpg\" data-slide-type=\"image\"><img decoding=\"async\" src=\"https:\/\/makulinna.fi\/wp-content\/uploads\/2021\/02\/IMG_20210126_071922-scaled-1280x800.jpg\" height=\"800\" width=\"1280\" alt=\"\" class=\"slider-131 slide-196 msDefaultImage\" \/><\/li>\n                <li style=\"display: none; width: 100%;\" class=\"slide-698 ms-image \" aria-roledescription=\"slide\" data-date=\"2021-03-21 21:02:42\" data-filename=\"Hedelma-810x506.jpg\" data-slide-type=\"image\"><img decoding=\"async\" src=\"https:\/\/makulinna.fi\/wp-content\/uploads\/2021\/02\/Hedelma-810x506.jpg\" height=\"800\" width=\"1280\" alt=\"\" class=\"slider-131 slide-698 msDefaultImage\" title=\"Hedelm\u00e4\" \/><\/li>\n                <li style=\"display: none; width: 100%;\" class=\"slide-699 ms-image \" aria-roledescription=\"slide\" data-date=\"2021-03-21 21:02:42\" data-filename=\"kinkkukakku-810x506.jpg\" data-slide-type=\"image\"><img loading=\"lazy\" decoding=\"async\" src=\"https:\/\/makulinna.fi\/wp-content\/uploads\/2021\/02\/kinkkukakku-810x506.jpg\" height=\"800\" width=\"1280\" alt=\"\" class=\"slider-131 slide-699 msDefaultImage\" title=\"kinkkukakku\" \/><\/li>\n                <li style=\"display: none; width: 100%;\" class=\"slide-700 ms-image \" aria-roledescription=\"slide\" data-date=\"2021-03-21 21:02:42\" data-filename=\"salmoncake-810x506.jpg\" data-slide-type=\"image\"><img loading=\"lazy\" decoding=\"async\" src=\"https:\/\/makulinna.fi\/wp-content\/uploads\/2021\/02\/salmoncake-810x506.jpg\" height=\"800\" width=\"1280\" alt=\"\" class=\"slider-131 slide-700 msDefaultImage\" title=\"salmoncake\" \/><\/li>\n                <li style=\"display: none; width: 100%;\" class=\"slide-701 ms-image \" aria-roledescription=\"slide\" data-date=\"2021-03-21 21:02:42\" data-filename=\"kaare-1080x675.jpg\" data-slide-type=\"image\"><img loading=\"lazy\" decoding=\"async\" src=\"https:\/\/makulinna.fi\/wp-content\/uploads\/2021\/02\/kaare-1080x675.jpg\" height=\"800\" width=\"1280\" alt=\"\" class=\"slider-131 slide-701 msDefaultImage\" title=\"k\u00e4\u00e4re\" \/><\/li>\n                <li style=\"display: none; width: 100%;\" class=\"slide-702 ms-image \" aria-roledescription=\"slide\" data-date=\"2021-03-21 21:02:43\" data-filename=\"batmancake-810x506.jpg\" data-slide-type=\"image\"><img loading=\"lazy\" decoding=\"async\" src=\"https:\/\/makulinna.fi\/wp-content\/uploads\/2021\/02\/batmancake-810x506.jpg\" height=\"800\" width=\"1280\" alt=\"\" class=\"slider-131 slide-702 msDefaultImage\" title=\"batmancake\" \/><\/li>\n                <li style=\"display: none; width: 100%;\" class=\"slide-703 ms-image \" aria-roledescription=\"slide\" data-date=\"2021-03-21 21:07:14\" data-filename=\"Suklaa-mansikka-810x506.jpg\" data-slide-type=\"image\"><img loading=\"lazy\" decoding=\"async\" src=\"https:\/\/makulinna.fi\/wp-content\/uploads\/2021\/02\/Suklaa-mansikka-810x506.jpg\" height=\"800\" width=\"1280\" alt=\"\" class=\"slider-131 slide-703 msDefaultImage\" title=\"Suklaa-mansikka\" \/><\/li>\n                <li style=\"display: none; width: 100%;\" class=\"slide-704 ms-image \" aria-roledescription=\"slide\" data-date=\"2021-03-21 21:07:14\" data-filename=\"sitruuna-macarons-810x506.jpg\" data-slide-type=\"image\"><img loading=\"lazy\" decoding=\"async\" src=\"https:\/\/makulinna.fi\/wp-content\/uploads\/2021\/03\/sitruuna-macarons-810x506.jpg\" height=\"800\" width=\"1280\" alt=\"\" class=\"slider-131 slide-704 msDefaultImage\" title=\"sitruuna macarons\" \/><\/li>\n                <li style=\"display: none; width: 100%;\" class=\"slide-706 ms-image \" aria-roledescription=\"slide\" data-date=\"2021-03-21 21:07:14\" data-filename=\"suklaavadelma-1080x675.jpg\" data-slide-type=\"image\"><img loading=\"lazy\" decoding=\"async\" src=\"https:\/\/makulinna.fi\/wp-content\/uploads\/2021\/02\/suklaavadelma-1080x675.jpg\" height=\"800\" width=\"1280\" alt=\"\" class=\"slider-131 slide-706 msDefaultImage\" title=\"suklaavadelma\" \/><\/li>\n                <li style=\"display: none; width: 100%;\" class=\"slide-707 ms-image \" aria-roledescription=\"slide\" data-date=\"2021-03-21 21:10:15\" data-filename=\"IMG_20201227_220438-scaled-1280x800.jpg\" data-slide-type=\"image\"><img loading=\"lazy\" decoding=\"async\" src=\"https:\/\/makulinna.fi\/wp-content\/uploads\/2021\/02\/IMG_20201227_220438-scaled-1280x800.jpg\" height=\"800\" width=\"1280\" alt=\"\" class=\"slider-131 slide-707 msDefaultImage\" \/><\/li>\n                <li style=\"display: none; width: 100%;\" class=\"slide-708 ms-image \" aria-roledescription=\"slide\" data-date=\"2021-03-21 21:10:15\" data-filename=\"IMG_20210106_111227-1280x800.jpg\" data-slide-type=\"image\"><img loading=\"lazy\" decoding=\"async\" src=\"https:\/\/makulinna.fi\/wp-content\/uploads\/2021\/02\/IMG_20210106_111227-1280x800.jpg\" height=\"800\" width=\"1280\" alt=\"\" class=\"slider-131 slide-708 msDefaultImage\" \/><\/li>\n                <li style=\"display: none; width: 100%;\" class=\"slide-709 ms-image \" aria-roledescription=\"slide\" data-date=\"2021-03-21 21:10:15\" data-filename=\"IMG_20200829_121529-scaled-1280x800.jpg\" data-slide-type=\"image\"><img loading=\"lazy\" decoding=\"async\" src=\"https:\/\/makulinna.fi\/wp-content\/uploads\/2021\/02\/IMG_20200829_121529-scaled-1280x800.jpg\" height=\"800\" width=\"1280\" alt=\"\" class=\"slider-131 slide-709 msDefaultImage\" title=\"dav_vivi\" \/><div class=\"caption-wrap\"><div class=\"caption\">dav_vivi<\/div><\/div><\/li>\n                <li style=\"display: none; width: 100%;\" class=\"slide-710 ms-image \" aria-roledescription=\"slide\" data-date=\"2021-03-21 21:14:16\" data-filename=\"IMG_20201106_211331-scaled-1280x800.jpg\" data-slide-type=\"image\"><img loading=\"lazy\" decoding=\"async\" src=\"https:\/\/makulinna.fi\/wp-content\/uploads\/2021\/02\/IMG_20201106_211331-scaled-1280x800.jpg\" height=\"800\" width=\"1280\" alt=\"\" class=\"slider-131 slide-710 msDefaultImage\" title=\"dav_vivi\" \/><div class=\"caption-wrap\"><div class=\"caption\">dav_vivi<\/div><\/div><\/li>\n                <li style=\"display: none; width: 100%;\" class=\"slide-720 ms-image \" aria-roledescription=\"slide\" data-date=\"2021-04-25 12:05:33\" data-filename=\"peruna1-1080x675.jpg\" data-slide-type=\"image\"><img loading=\"lazy\" decoding=\"async\" src=\"https:\/\/makulinna.fi\/wp-content\/uploads\/2021\/02\/peruna1-1080x675.jpg\" height=\"800\" width=\"1280\" alt=\"\" class=\"slider-131 slide-720 msDefaultImage\" title=\"peruna1\" \/><\/li>\n                <li style=\"display: none; width: 100%;\" class=\"slide-721 ms-image \" aria-roledescription=\"slide\" data-date=\"2021-04-25 12:06:06\" data-filename=\"IMG_20190224_181128-scaled-1280x800.jpg\" data-slide-type=\"image\"><img loading=\"lazy\" decoding=\"async\" src=\"https:\/\/makulinna.fi\/wp-content\/uploads\/2021\/02\/IMG_20190224_181128-scaled-1280x800.jpg\" height=\"800\" width=\"1280\" alt=\"\" class=\"slider-131 slide-721 msDefaultImage\" title=\"ptr\" \/><div class=\"caption-wrap\"><div class=\"caption\">ptr<\/div><\/div><\/li>\n            <\/ul>\n        <\/div>\n        \n    <\/div>\n<\/div>\n<p class=\"has-text-color has-text-align-center has-large-font-size\">Hyv\u00e4t asiakkaat!<\/p>\n<p class=\"has-text-color has-text-align-center has-large-font-size\">Makulinna on opintovapaalla vuoden 2023 ja\u00a0<\/p>\n<p class=\"has-text-color has-text-align-center has-large-font-size\">ei ota t\u00e4ll\u00e4 hetkell\u00e4 tilauksia vastaan.\u00a0<\/p>\n<p class=\"has-text-color has-text-align-center has-large-font-size\">Kiitos kaikille yhteisty\u00f6st\u00e4!\u00a0<\/p>\n<p><\/p>\n<p><\/p>\n<p><\/p>\n<p><\/p>\n<div class=\"wp-block-button aligncenter\"><a class=\"wp-block-button__link\" href=\"https:\/\/makulinna.fi\/?page_id=30\">Tuotevalikoima<\/a><\/div>\n<\/div>\n<\/div>\n<p><\/p>\n<p><\/p>\t\t\t\t\t\t\t\t<\/div>\n\t\t\t\t<\/div>\n\t\t\t\t\t<\/div>\n\t\t<\/div>\n\t\t\t\t\t<\/div>\n\t\t<\/section>\n\t\t\t\t<\/div>\n\t\t","protected":false},"excerpt":{"rendered":"","protected":false},"author":1,"featured_media":0,"parent":0,"menu_order":0,"comment_status":"closed","ping_status":"closed","template":"","meta":{"_monsterinsights_skip_tracking":false,"_monsterinsights_sitenote_active":false,"_monsterinsights_sitenote_note":"","_monsterinsights_sitenote_category":0,"footnotes":""},"class_list":["post-39","page","type-page","status-publish","hentry"],"yoast_head":"<!-- This site is optimized with the Yoast SEO plugin v27.4 - https:\/\/yoast.com\/product\/yoast-seo-wordpress\/ -->\n<title>- Makulinna<\/title>\n<meta name=\"description\" content=\"makulinna leipomo\" \/>\n<meta name=\"robots\" content=\"index, follow, max-snippet:-1, max-image-preview:large, max-video-preview:-1\" \/>\n<link rel=\"canonical\" href=\"https:\/\/makulinna.fi\/\" \/>\n<meta property=\"og:locale\" content=\"fi_FI\" \/>\n<meta property=\"og:type\" content=\"article\" \/>\n<meta property=\"og:title\" content=\"- Makulinna\" \/>\n<meta property=\"og:description\" content=\"makulinna leipomo\" \/>\n<meta property=\"og:url\" content=\"https:\/\/makulinna.fi\/\" \/>\n<meta property=\"og:site_name\" content=\"Makulinna\" \/>\n<meta property=\"article:modified_time\" content=\"2023-01-07T21:47:30+00:00\" \/>\n<meta property=\"og:image\" content=\"https:\/\/makulinna.fi\/wp-content\/uploads\/2021\/01\/Color-logo-no-background-295x300.png\" \/>\n<meta name=\"twitter:card\" content=\"summary_large_image\" \/>\n<meta name=\"twitter:label1\" content=\"Arvioitu lukuaika\" \/>\n\t<meta name=\"twitter:data1\" content=\"1 minuutti\" \/>\n<script type=\"application\/ld+json\" class=\"yoast-schema-graph\">{\"@context\":\"https:\\\/\\\/schema.org\",\"@graph\":[{\"@type\":\"WebPage\",\"@id\":\"https:\\\/\\\/makulinna.fi\\\/\",\"url\":\"https:\\\/\\\/makulinna.fi\\\/\",\"name\":\"- Makulinna\",\"isPartOf\":{\"@id\":\"https:\\\/\\\/makulinna.fi\\\/#website\"},\"primaryImageOfPage\":{\"@id\":\"https:\\\/\\\/makulinna.fi\\\/#primaryimage\"},\"image\":{\"@id\":\"https:\\\/\\\/makulinna.fi\\\/#primaryimage\"},\"thumbnailUrl\":\"https:\\\/\\\/makulinna.fi\\\/wp-content\\\/uploads\\\/2021\\\/01\\\/Color-logo-no-background-295x300.png\",\"datePublished\":\"2021-01-31T19:31:13+00:00\",\"dateModified\":\"2023-01-07T21:47:30+00:00\",\"description\":\"makulinna leipomo\",\"inLanguage\":\"fi\",\"potentialAction\":[{\"@type\":\"ReadAction\",\"target\":[\"https:\\\/\\\/makulinna.fi\\\/\"]}]},{\"@type\":\"ImageObject\",\"inLanguage\":\"fi\",\"@id\":\"https:\\\/\\\/makulinna.fi\\\/#primaryimage\",\"url\":\"https:\\\/\\\/makulinna.fi\\\/wp-content\\\/uploads\\\/2021\\\/01\\\/Color-logo-no-background.png\",\"contentUrl\":\"https:\\\/\\\/makulinna.fi\\\/wp-content\\\/uploads\\\/2021\\\/01\\\/Color-logo-no-background.png\",\"width\":3141,\"height\":3189},{\"@type\":\"WebSite\",\"@id\":\"https:\\\/\\\/makulinna.fi\\\/#website\",\"url\":\"https:\\\/\\\/makulinna.fi\\\/\",\"name\":\"Makulinna - Tervetuloa hyvien makujen matkaan\",\"description\":\"leipomo, konditoria, kakku, leivos, catering\",\"publisher\":{\"@id\":\"https:\\\/\\\/makulinna.fi\\\/#organization\"},\"potentialAction\":[{\"@type\":\"SearchAction\",\"target\":{\"@type\":\"EntryPoint\",\"urlTemplate\":\"https:\\\/\\\/makulinna.fi\\\/?s={search_term_string}\"},\"query-input\":{\"@type\":\"PropertyValueSpecification\",\"valueRequired\":true,\"valueName\":\"search_term_string\"}}],\"inLanguage\":\"fi\"},{\"@type\":\"Organization\",\"@id\":\"https:\\\/\\\/makulinna.fi\\\/#organization\",\"name\":\"Makulinna\",\"url\":\"https:\\\/\\\/makulinna.fi\\\/\",\"logo\":{\"@type\":\"ImageObject\",\"inLanguage\":\"fi\",\"@id\":\"https:\\\/\\\/makulinna.fi\\\/#\\\/schema\\\/logo\\\/image\\\/\",\"url\":\"https:\\\/\\\/makulinna.fi\\\/wp-content\\\/uploads\\\/2021\\\/01\\\/Color-logo-no-background.png\",\"contentUrl\":\"https:\\\/\\\/makulinna.fi\\\/wp-content\\\/uploads\\\/2021\\\/01\\\/Color-logo-no-background.png\",\"width\":3141,\"height\":3189,\"caption\":\"Makulinna\"},\"image\":{\"@id\":\"https:\\\/\\\/makulinna.fi\\\/#\\\/schema\\\/logo\\\/image\\\/\"},\"sameAs\":[\"https:\\\/\\\/www.instagram.com\\\/alladinsa\\\/\"]}]}<\/script>\n<!-- \/ Yoast SEO plugin. -->","yoast_head_json":{"title":"- Makulinna","description":"makulinna leipomo","robots":{"index":"index","follow":"follow","max-snippet":"max-snippet:-1","max-image-preview":"max-image-preview:large","max-video-preview":"max-video-preview:-1"},"canonical":"https:\/\/makulinna.fi\/","og_locale":"fi_FI","og_type":"article","og_title":"- Makulinna","og_description":"makulinna leipomo","og_url":"https:\/\/makulinna.fi\/","og_site_name":"Makulinna","article_modified_time":"2023-01-07T21:47:30+00:00","og_image":[{"url":"https:\/\/makulinna.fi\/wp-content\/uploads\/2021\/01\/Color-logo-no-background-295x300.png","type":"","width":"","height":""}],"twitter_card":"summary_large_image","twitter_misc":{"Arvioitu lukuaika":"1 minuutti"},"schema":{"@context":"https:\/\/schema.org","@graph":[{"@type":"WebPage","@id":"https:\/\/makulinna.fi\/","url":"https:\/\/makulinna.fi\/","name":"- Makulinna","isPartOf":{"@id":"https:\/\/makulinna.fi\/#website"},"primaryImageOfPage":{"@id":"https:\/\/makulinna.fi\/#primaryimage"},"image":{"@id":"https:\/\/makulinna.fi\/#primaryimage"},"thumbnailUrl":"https:\/\/makulinna.fi\/wp-content\/uploads\/2021\/01\/Color-logo-no-background-295x300.png","datePublished":"2021-01-31T19:31:13+00:00","dateModified":"2023-01-07T21:47:30+00:00","description":"makulinna leipomo","inLanguage":"fi","potentialAction":[{"@type":"ReadAction","target":["https:\/\/makulinna.fi\/"]}]},{"@type":"ImageObject","inLanguage":"fi","@id":"https:\/\/makulinna.fi\/#primaryimage","url":"https:\/\/makulinna.fi\/wp-content\/uploads\/2021\/01\/Color-logo-no-background.png","contentUrl":"https:\/\/makulinna.fi\/wp-content\/uploads\/2021\/01\/Color-logo-no-background.png","width":3141,"height":3189},{"@type":"WebSite","@id":"https:\/\/makulinna.fi\/#website","url":"https:\/\/makulinna.fi\/","name":"Makulinna - Tervetuloa hyvien makujen matkaan","description":"leipomo, konditoria, kakku, leivos, catering","publisher":{"@id":"https:\/\/makulinna.fi\/#organization"},"potentialAction":[{"@type":"SearchAction","target":{"@type":"EntryPoint","urlTemplate":"https:\/\/makulinna.fi\/?s={search_term_string}"},"query-input":{"@type":"PropertyValueSpecification","valueRequired":true,"valueName":"search_term_string"}}],"inLanguage":"fi"},{"@type":"Organization","@id":"https:\/\/makulinna.fi\/#organization","name":"Makulinna","url":"https:\/\/makulinna.fi\/","logo":{"@type":"ImageObject","inLanguage":"fi","@id":"https:\/\/makulinna.fi\/#\/schema\/logo\/image\/","url":"https:\/\/makulinna.fi\/wp-content\/uploads\/2021\/01\/Color-logo-no-background.png","contentUrl":"https:\/\/makulinna.fi\/wp-content\/uploads\/2021\/01\/Color-logo-no-background.png","width":3141,"height":3189,"caption":"Makulinna"},"image":{"@id":"https:\/\/makulinna.fi\/#\/schema\/logo\/image\/"},"sameAs":["https:\/\/www.instagram.com\/alladinsa\/"]}]}},"jetpack_sharing_enabled":true,"_links":{"self":[{"href":"https:\/\/makulinna.fi\/index.php?rest_route=\/wp\/v2\/pages\/39","targetHints":{"allow":["GET"]}}],"collection":[{"href":"https:\/\/makulinna.fi\/index.php?rest_route=\/wp\/v2\/pages"}],"about":[{"href":"https:\/\/makulinna.fi\/index.php?rest_route=\/wp\/v2\/types\/page"}],"author":[{"embeddable":true,"href":"https:\/\/makulinna.fi\/index.php?rest_route=\/wp\/v2\/users\/1"}],"replies":[{"embeddable":true,"href":"https:\/\/makulinna.fi\/index.php?rest_route=%2Fwp%2Fv2%2Fcomments&post=39"}],"version-history":[{"count":80,"href":"https:\/\/makulinna.fi\/index.php?rest_route=\/wp\/v2\/pages\/39\/revisions"}],"predecessor-version":[{"id":1015,"href":"https:\/\/makulinna.fi\/index.php?rest_route=\/wp\/v2\/pages\/39\/revisions\/1015"}],"wp:attachment":[{"href":"https:\/\/makulinna.fi\/index.php?rest_route=%2Fwp%2Fv2%2Fmedia&parent=39"}],"curies":[{"name":"wp","href":"https:\/\/api.w.org\/{rel}","templated":true}]}}