{"id":253,"date":"2021-02-15T14:36:16","date_gmt":"2021-02-15T14:36:16","guid":{"rendered":"https:\/\/makulinna.fi\/?post_type=product&#038;p=253"},"modified":"2021-02-22T14:46:15","modified_gmt":"2021-02-22T14:46:15","slug":"kristallipulla","status":"publish","type":"product","link":"https:\/\/makulinna.fi\/?product=kristallipulla","title":{"rendered":"Kristallipulla"},"content":{"rendered":"","protected":false},"excerpt":{"rendered":"<p>Mehev\u00e4 pullataikina syntyy aidosta maidosta, voista, Rapion Myllyn erikoisvehn\u00e4jauhoista ja makua t\u00e4ydent\u00e4\u00e4 ihana kardemumma. Pullani ovat ilmavia, rakenteeltaan pehmeit\u00e4 ja maukkaita. Pullan sis\u00e4ll\u00e4 on vaniljalla ja tomusokerilla maustettua vaahdotettua voita. Pinta viimeistell\u00e4\u00e4n viel\u00e4 voisulalla ja hienolla sokerilla. Ilmoita tilatessa, jos haluat pullat laktoosittomina.<\/p>\n<p>Hinta a\u00b4 1,10 \u20ac \/ kpl. Minimim\u00e4\u00e4r\u00e4 15 kpl \/ tilaus.<\/p>\n<p>(hinta sis. alv 14 %)<\/p>\n","protected":false},"featured_media":254,"comment_status":"open","ping_status":"closed","template":"","meta":{"_monsterinsights_skip_tracking":false,"_monsterinsights_sitenote_active":false,"_monsterinsights_sitenote_note":"","_monsterinsights_sitenote_category":0},"product_brand":[],"product_cat":[19],"product_tag":[],"class_list":{"0":"post-253","1":"product","2":"type-product","3":"status-publish","4":"has-post-thumbnail","6":"product_cat-pulla","8":"first","9":"instock","10":"shipping-taxable","11":"product-type-simple"},"yoast_head":"<!-- This site is optimized with the Yoast SEO plugin v27.3 - https:\/\/yoast.com\/product\/yoast-seo-wordpress\/ -->\n<title>Kristallipulla - Makulinna<\/title>\n<meta name=\"robots\" content=\"index, follow, max-snippet:-1, max-image-preview:large, max-video-preview:-1\" \/>\n<link rel=\"canonical\" href=\"https:\/\/makulinna.fi\/?product=kristallipulla\" \/>\n<meta property=\"og:locale\" content=\"fi_FI\" \/>\n<meta property=\"og:type\" content=\"article\" \/>\n<meta property=\"og:title\" content=\"Kristallipulla - Makulinna\" \/>\n<meta property=\"og:description\" content=\"Mehev\u00e4 pullataikina syntyy aidosta maidosta, voista, Rapion Myllyn erikoisvehn\u00e4jauhoista ja makua t\u00e4ydent\u00e4\u00e4 ihana kardemumma. Pullani ovat ilmavia, rakenteeltaan pehmeit\u00e4 ja maukkaita. Pullan sis\u00e4ll\u00e4 on vaniljalla ja tomusokerilla maustettua vaahdotettua voita. Pinta viimeistell\u00e4\u00e4n viel\u00e4 voisulalla ja hienolla sokerilla. Ilmoita tilatessa, jos haluat pullat laktoosittomina.  Hinta a\u00b4 1,10 \u20ac \/ kpl. Minimim\u00e4\u00e4r\u00e4 15 kpl \/ tilaus.  (hinta sis. alv 14 %)\" \/>\n<meta property=\"og:url\" content=\"https:\/\/makulinna.fi\/?product=kristallipulla\" \/>\n<meta property=\"og:site_name\" content=\"Makulinna\" \/>\n<meta property=\"article:modified_time\" content=\"2021-02-22T14:46:15+00:00\" \/>\n<meta property=\"og:image\" content=\"https:\/\/makulinna.fi\/wp-content\/uploads\/2021\/02\/IMG_20200625_172838-scaled.jpg\" \/>\n\t<meta property=\"og:image:width\" content=\"2560\" \/>\n\t<meta property=\"og:image:height\" content=\"1920\" \/>\n\t<meta property=\"og:image:type\" content=\"image\/jpeg\" \/>\n<meta name=\"twitter:card\" content=\"summary_large_image\" \/>\n<script type=\"application\/ld+json\" class=\"yoast-schema-graph\">{\"@context\":\"https:\\\/\\\/schema.org\",\"@graph\":[{\"@type\":\"WebPage\",\"@id\":\"https:\\\/\\\/makulinna.fi\\\/?product=kristallipulla\",\"url\":\"https:\\\/\\\/makulinna.fi\\\/?product=kristallipulla\",\"name\":\"Kristallipulla - Makulinna\",\"isPartOf\":{\"@id\":\"https:\\\/\\\/makulinna.fi\\\/#website\"},\"primaryImageOfPage\":{\"@id\":\"https:\\\/\\\/makulinna.fi\\\/?product=kristallipulla#primaryimage\"},\"image\":{\"@id\":\"https:\\\/\\\/makulinna.fi\\\/?product=kristallipulla#primaryimage\"},\"thumbnailUrl\":\"https:\\\/\\\/makulinna.fi\\\/wp-content\\\/uploads\\\/2021\\\/02\\\/IMG_20200625_172838-scaled.jpg\",\"datePublished\":\"2021-02-15T14:36:16+00:00\",\"dateModified\":\"2021-02-22T14:46:15+00:00\",\"breadcrumb\":{\"@id\":\"https:\\\/\\\/makulinna.fi\\\/?product=kristallipulla#breadcrumb\"},\"inLanguage\":\"fi\",\"potentialAction\":[{\"@type\":\"ReadAction\",\"target\":[\"https:\\\/\\\/makulinna.fi\\\/?product=kristallipulla\"]}]},{\"@type\":\"ImageObject\",\"inLanguage\":\"fi\",\"@id\":\"https:\\\/\\\/makulinna.fi\\\/?product=kristallipulla#primaryimage\",\"url\":\"https:\\\/\\\/makulinna.fi\\\/wp-content\\\/uploads\\\/2021\\\/02\\\/IMG_20200625_172838-scaled.jpg\",\"contentUrl\":\"https:\\\/\\\/makulinna.fi\\\/wp-content\\\/uploads\\\/2021\\\/02\\\/IMG_20200625_172838-scaled.jpg\",\"width\":2560,\"height\":1920},{\"@type\":\"BreadcrumbList\",\"@id\":\"https:\\\/\\\/makulinna.fi\\\/?product=kristallipulla#breadcrumb\",\"itemListElement\":[{\"@type\":\"ListItem\",\"position\":1,\"name\":\"Home\",\"item\":\"https:\\\/\\\/makulinna.fi\\\/\"},{\"@type\":\"ListItem\",\"position\":2,\"name\":\"Tuotevalikoima\",\"item\":\"https:\\\/\\\/makulinna.fi\\\/?page_id=30\"},{\"@type\":\"ListItem\",\"position\":3,\"name\":\"Kristallipulla\"}]},{\"@type\":\"WebSite\",\"@id\":\"https:\\\/\\\/makulinna.fi\\\/#website\",\"url\":\"https:\\\/\\\/makulinna.fi\\\/\",\"name\":\"Makulinna - Tervetuloa hyvien makujen matkaan\",\"description\":\"leipomo, konditoria, kakku, leivos, catering\",\"publisher\":{\"@id\":\"https:\\\/\\\/makulinna.fi\\\/#organization\"},\"potentialAction\":[{\"@type\":\"SearchAction\",\"target\":{\"@type\":\"EntryPoint\",\"urlTemplate\":\"https:\\\/\\\/makulinna.fi\\\/?s={search_term_string}\"},\"query-input\":{\"@type\":\"PropertyValueSpecification\",\"valueRequired\":true,\"valueName\":\"search_term_string\"}}],\"inLanguage\":\"fi\"},{\"@type\":\"Organization\",\"@id\":\"https:\\\/\\\/makulinna.fi\\\/#organization\",\"name\":\"Makulinna\",\"url\":\"https:\\\/\\\/makulinna.fi\\\/\",\"logo\":{\"@type\":\"ImageObject\",\"inLanguage\":\"fi\",\"@id\":\"https:\\\/\\\/makulinna.fi\\\/#\\\/schema\\\/logo\\\/image\\\/\",\"url\":\"https:\\\/\\\/makulinna.fi\\\/wp-content\\\/uploads\\\/2021\\\/01\\\/Color-logo-no-background.png\",\"contentUrl\":\"https:\\\/\\\/makulinna.fi\\\/wp-content\\\/uploads\\\/2021\\\/01\\\/Color-logo-no-background.png\",\"width\":3141,\"height\":3189,\"caption\":\"Makulinna\"},\"image\":{\"@id\":\"https:\\\/\\\/makulinna.fi\\\/#\\\/schema\\\/logo\\\/image\\\/\"},\"sameAs\":[\"https:\\\/\\\/www.instagram.com\\\/alladinsa\\\/\"]}]}<\/script>\n<!-- \/ Yoast SEO plugin. -->","yoast_head_json":{"title":"Kristallipulla - Makulinna","robots":{"index":"index","follow":"follow","max-snippet":"max-snippet:-1","max-image-preview":"max-image-preview:large","max-video-preview":"max-video-preview:-1"},"canonical":"https:\/\/makulinna.fi\/?product=kristallipulla","og_locale":"fi_FI","og_type":"article","og_title":"Kristallipulla - Makulinna","og_description":"Mehev\u00e4 pullataikina syntyy aidosta maidosta, voista, Rapion Myllyn erikoisvehn\u00e4jauhoista ja makua t\u00e4ydent\u00e4\u00e4 ihana kardemumma. Pullani ovat ilmavia, rakenteeltaan pehmeit\u00e4 ja maukkaita. Pullan sis\u00e4ll\u00e4 on vaniljalla ja tomusokerilla maustettua vaahdotettua voita. Pinta viimeistell\u00e4\u00e4n viel\u00e4 voisulalla ja hienolla sokerilla. Ilmoita tilatessa, jos haluat pullat laktoosittomina.  Hinta a\u00b4 1,10 \u20ac \/ kpl. Minimim\u00e4\u00e4r\u00e4 15 kpl \/ tilaus.  (hinta sis. alv 14 %)","og_url":"https:\/\/makulinna.fi\/?product=kristallipulla","og_site_name":"Makulinna","article_modified_time":"2021-02-22T14:46:15+00:00","og_image":[{"width":2560,"height":1920,"url":"https:\/\/makulinna.fi\/wp-content\/uploads\/2021\/02\/IMG_20200625_172838-scaled.jpg","type":"image\/jpeg"}],"twitter_card":"summary_large_image","schema":{"@context":"https:\/\/schema.org","@graph":[{"@type":"WebPage","@id":"https:\/\/makulinna.fi\/?product=kristallipulla","url":"https:\/\/makulinna.fi\/?product=kristallipulla","name":"Kristallipulla - Makulinna","isPartOf":{"@id":"https:\/\/makulinna.fi\/#website"},"primaryImageOfPage":{"@id":"https:\/\/makulinna.fi\/?product=kristallipulla#primaryimage"},"image":{"@id":"https:\/\/makulinna.fi\/?product=kristallipulla#primaryimage"},"thumbnailUrl":"https:\/\/makulinna.fi\/wp-content\/uploads\/2021\/02\/IMG_20200625_172838-scaled.jpg","datePublished":"2021-02-15T14:36:16+00:00","dateModified":"2021-02-22T14:46:15+00:00","breadcrumb":{"@id":"https:\/\/makulinna.fi\/?product=kristallipulla#breadcrumb"},"inLanguage":"fi","potentialAction":[{"@type":"ReadAction","target":["https:\/\/makulinna.fi\/?product=kristallipulla"]}]},{"@type":"ImageObject","inLanguage":"fi","@id":"https:\/\/makulinna.fi\/?product=kristallipulla#primaryimage","url":"https:\/\/makulinna.fi\/wp-content\/uploads\/2021\/02\/IMG_20200625_172838-scaled.jpg","contentUrl":"https:\/\/makulinna.fi\/wp-content\/uploads\/2021\/02\/IMG_20200625_172838-scaled.jpg","width":2560,"height":1920},{"@type":"BreadcrumbList","@id":"https:\/\/makulinna.fi\/?product=kristallipulla#breadcrumb","itemListElement":[{"@type":"ListItem","position":1,"name":"Home","item":"https:\/\/makulinna.fi\/"},{"@type":"ListItem","position":2,"name":"Tuotevalikoima","item":"https:\/\/makulinna.fi\/?page_id=30"},{"@type":"ListItem","position":3,"name":"Kristallipulla"}]},{"@type":"WebSite","@id":"https:\/\/makulinna.fi\/#website","url":"https:\/\/makulinna.fi\/","name":"Makulinna - Tervetuloa hyvien makujen matkaan","description":"leipomo, konditoria, kakku, leivos, catering","publisher":{"@id":"https:\/\/makulinna.fi\/#organization"},"potentialAction":[{"@type":"SearchAction","target":{"@type":"EntryPoint","urlTemplate":"https:\/\/makulinna.fi\/?s={search_term_string}"},"query-input":{"@type":"PropertyValueSpecification","valueRequired":true,"valueName":"search_term_string"}}],"inLanguage":"fi"},{"@type":"Organization","@id":"https:\/\/makulinna.fi\/#organization","name":"Makulinna","url":"https:\/\/makulinna.fi\/","logo":{"@type":"ImageObject","inLanguage":"fi","@id":"https:\/\/makulinna.fi\/#\/schema\/logo\/image\/","url":"https:\/\/makulinna.fi\/wp-content\/uploads\/2021\/01\/Color-logo-no-background.png","contentUrl":"https:\/\/makulinna.fi\/wp-content\/uploads\/2021\/01\/Color-logo-no-background.png","width":3141,"height":3189,"caption":"Makulinna"},"image":{"@id":"https:\/\/makulinna.fi\/#\/schema\/logo\/image\/"},"sameAs":["https:\/\/www.instagram.com\/alladinsa\/"]}]}},"jetpack_sharing_enabled":true,"_links":{"self":[{"href":"https:\/\/makulinna.fi\/index.php?rest_route=\/wp\/v2\/product\/253","targetHints":{"allow":["GET"]}}],"collection":[{"href":"https:\/\/makulinna.fi\/index.php?rest_route=\/wp\/v2\/product"}],"about":[{"href":"https:\/\/makulinna.fi\/index.php?rest_route=\/wp\/v2\/types\/product"}],"replies":[{"embeddable":true,"href":"https:\/\/makulinna.fi\/index.php?rest_route=%2Fwp%2Fv2%2Fcomments&post=253"}],"version-history":[{"count":3,"href":"https:\/\/makulinna.fi\/index.php?rest_route=\/wp\/v2\/product\/253\/revisions"}],"predecessor-version":[{"id":614,"href":"https:\/\/makulinna.fi\/index.php?rest_route=\/wp\/v2\/product\/253\/revisions\/614"}],"wp:featuredmedia":[{"embeddable":true,"href":"https:\/\/makulinna.fi\/index.php?rest_route=\/wp\/v2\/media\/254"}],"wp:attachment":[{"href":"https:\/\/makulinna.fi\/index.php?rest_route=%2Fwp%2Fv2%2Fmedia&parent=253"}],"wp:term":[{"taxonomy":"product_brand","embeddable":true,"href":"https:\/\/makulinna.fi\/index.php?rest_route=%2Fwp%2Fv2%2Fproduct_brand&post=253"},{"taxonomy":"product_cat","embeddable":true,"href":"https:\/\/makulinna.fi\/index.php?rest_route=%2Fwp%2Fv2%2Fproduct_cat&post=253"},{"taxonomy":"product_tag","embeddable":true,"href":"https:\/\/makulinna.fi\/index.php?rest_route=%2Fwp%2Fv2%2Fproduct_tag&post=253"}],"curies":[{"name":"wp","href":"https:\/\/api.w.org\/{rel}","templated":true}]}}