{"id":395,"date":"2021-02-15T18:27:33","date_gmt":"2021-02-15T18:27:33","guid":{"rendered":"https:\/\/makulinna.fi\/?post_type=product&#038;p=395"},"modified":"2022-07-08T20:04:09","modified_gmt":"2022-07-08T20:04:09","slug":"maitosuklaakakku","status":"publish","type":"product","link":"https:\/\/makulinna.fi\/?product=maitosuklaakakku","title":{"rendered":"Maitosuklaakakku"},"content":{"rendered":"","protected":false},"excerpt":{"rendered":"<p>Kakku on hyvin suklainen ja t\u00e4ytel\u00e4inen makukokemus. Suklaana k\u00e4yt\u00e4n Fazerin Sinist\u00e4 maitosuklaata. V\u00e4liin on mahdollista valita suklaamoussen lis\u00e4ksi jokin seuraavista mauista:<\/p>\n<p>1. vadelmamarmeladia ja vadelmarouhetta<\/p>\n<p>2. mansikkahilloa ja mansikkaa<\/p>\n<p>3. hedelm\u00e4marmeladia ja suklaarouhetta<\/p>\n<p>Kakkuni ovat tavanomaista korkeampia, sill\u00e4 laitan t\u00e4ytett\u00e4 kolmeen kerrokseen. Pohja on rakenteeltaan pehme\u00e4, suklainen ja kuohkea. Gluteeniton alk. + 5 \u20ac kakku.<\/p>\n<p>12 hengen kakku 48 \u20ac<\/p>\n<p>15 hengen kakku 54 \u20ac<\/p>\n<p>20 hengen kakku 67 \u20ac<\/p>\n<p>Koristeluvaihtoehdot:<\/p>\n<p>1. el\u00e4v\u00e4t kukat alk. 10 \u20ac<\/p>\n<p>2. sokerimassakoristeet alk. 10 \u20ac<\/p>\n<p>3. yhdistettyn\u00e4 macaronit, marengit, tuoreet marjat tms. alk. 9 \u20ac<\/p>\n<p>(hinta sis. alv 14 %)<\/p>\n","protected":false},"featured_media":339,"comment_status":"open","ping_status":"closed","template":"","meta":{"_monsterinsights_skip_tracking":false,"_monsterinsights_sitenote_active":false,"_monsterinsights_sitenote_note":"","_monsterinsights_sitenote_category":0},"product_brand":[],"product_cat":[21],"product_tag":[],"class_list":{"0":"post-395","1":"product","2":"type-product","3":"status-publish","4":"has-post-thumbnail","6":"product_cat-suklaa","8":"first","9":"instock","10":"shipping-taxable","11":"product-type-simple"},"yoast_head":"<!-- This site is optimized with the Yoast SEO plugin v27.3 - https:\/\/yoast.com\/product\/yoast-seo-wordpress\/ -->\n<title>Maitosuklaakakku - Makulinna<\/title>\n<meta name=\"robots\" content=\"index, follow, max-snippet:-1, max-image-preview:large, max-video-preview:-1\" \/>\n<link rel=\"canonical\" href=\"https:\/\/makulinna.fi\/?product=maitosuklaakakku\" \/>\n<meta property=\"og:locale\" content=\"fi_FI\" \/>\n<meta property=\"og:type\" content=\"article\" \/>\n<meta property=\"og:title\" content=\"Maitosuklaakakku - Makulinna\" \/>\n<meta property=\"og:description\" content=\"Kakku on hyvin suklainen ja t\u00e4ytel\u00e4inen makukokemus. Suklaana k\u00e4yt\u00e4n Fazerin Sinist\u00e4 maitosuklaata. V\u00e4liin on mahdollista valita suklaamoussen lis\u00e4ksi jokin seuraavista mauista:  1. vadelmamarmeladia ja vadelmarouhetta  2. mansikkahilloa ja mansikkaa  3. hedelm\u00e4marmeladia ja suklaarouhetta  Kakkuni ovat tavanomaista korkeampia, sill\u00e4 laitan t\u00e4ytett\u00e4 kolmeen kerrokseen. Pohja on rakenteeltaan pehme\u00e4, suklainen ja kuohkea. Gluteeniton alk. + 5 \u20ac kakku.  12 hengen kakku 48 \u20ac  15 hengen kakku 54 \u20ac  20 hengen kakku 67 \u20ac  Koristeluvaihtoehdot:  1. el\u00e4v\u00e4t kukat alk. 10 \u20ac  2. sokerimassakoristeet alk. 10 \u20ac  3. yhdistettyn\u00e4 macaronit, marengit, tuoreet marjat tms. alk. 9 \u20ac  (hinta sis. alv 14 %)\" \/>\n<meta property=\"og:url\" content=\"https:\/\/makulinna.fi\/?product=maitosuklaakakku\" \/>\n<meta property=\"og:site_name\" content=\"Makulinna\" \/>\n<meta property=\"article:modified_time\" content=\"2022-07-08T20:04:09+00:00\" \/>\n<meta property=\"og:image\" content=\"https:\/\/makulinna.fi\/wp-content\/uploads\/2021\/02\/IMG_20190715_064810-scaled.jpg\" \/>\n\t<meta property=\"og:image:width\" content=\"2560\" \/>\n\t<meta property=\"og:image:height\" content=\"1920\" \/>\n\t<meta property=\"og:image:type\" content=\"image\/jpeg\" \/>\n<meta name=\"twitter:card\" content=\"summary_large_image\" \/>\n<script type=\"application\/ld+json\" class=\"yoast-schema-graph\">{\"@context\":\"https:\\\/\\\/schema.org\",\"@graph\":[{\"@type\":\"WebPage\",\"@id\":\"https:\\\/\\\/makulinna.fi\\\/?product=maitosuklaakakku\",\"url\":\"https:\\\/\\\/makulinna.fi\\\/?product=maitosuklaakakku\",\"name\":\"Maitosuklaakakku - Makulinna\",\"isPartOf\":{\"@id\":\"https:\\\/\\\/makulinna.fi\\\/#website\"},\"primaryImageOfPage\":{\"@id\":\"https:\\\/\\\/makulinna.fi\\\/?product=maitosuklaakakku#primaryimage\"},\"image\":{\"@id\":\"https:\\\/\\\/makulinna.fi\\\/?product=maitosuklaakakku#primaryimage\"},\"thumbnailUrl\":\"https:\\\/\\\/makulinna.fi\\\/wp-content\\\/uploads\\\/2021\\\/02\\\/IMG_20190715_064810-scaled.jpg\",\"datePublished\":\"2021-02-15T18:27:33+00:00\",\"dateModified\":\"2022-07-08T20:04:09+00:00\",\"breadcrumb\":{\"@id\":\"https:\\\/\\\/makulinna.fi\\\/?product=maitosuklaakakku#breadcrumb\"},\"inLanguage\":\"fi\",\"potentialAction\":[{\"@type\":\"ReadAction\",\"target\":[\"https:\\\/\\\/makulinna.fi\\\/?product=maitosuklaakakku\"]}]},{\"@type\":\"ImageObject\",\"inLanguage\":\"fi\",\"@id\":\"https:\\\/\\\/makulinna.fi\\\/?product=maitosuklaakakku#primaryimage\",\"url\":\"https:\\\/\\\/makulinna.fi\\\/wp-content\\\/uploads\\\/2021\\\/02\\\/IMG_20190715_064810-scaled.jpg\",\"contentUrl\":\"https:\\\/\\\/makulinna.fi\\\/wp-content\\\/uploads\\\/2021\\\/02\\\/IMG_20190715_064810-scaled.jpg\",\"width\":2560,\"height\":1920,\"caption\":\"nfd\"},{\"@type\":\"BreadcrumbList\",\"@id\":\"https:\\\/\\\/makulinna.fi\\\/?product=maitosuklaakakku#breadcrumb\",\"itemListElement\":[{\"@type\":\"ListItem\",\"position\":1,\"name\":\"Home\",\"item\":\"https:\\\/\\\/makulinna.fi\\\/\"},{\"@type\":\"ListItem\",\"position\":2,\"name\":\"Tuotevalikoima\",\"item\":\"https:\\\/\\\/makulinna.fi\\\/?page_id=30\"},{\"@type\":\"ListItem\",\"position\":3,\"name\":\"Maitosuklaakakku\"}]},{\"@type\":\"WebSite\",\"@id\":\"https:\\\/\\\/makulinna.fi\\\/#website\",\"url\":\"https:\\\/\\\/makulinna.fi\\\/\",\"name\":\"Makulinna - Tervetuloa hyvien makujen matkaan\",\"description\":\"leipomo, konditoria, kakku, leivos, catering\",\"publisher\":{\"@id\":\"https:\\\/\\\/makulinna.fi\\\/#organization\"},\"potentialAction\":[{\"@type\":\"SearchAction\",\"target\":{\"@type\":\"EntryPoint\",\"urlTemplate\":\"https:\\\/\\\/makulinna.fi\\\/?s={search_term_string}\"},\"query-input\":{\"@type\":\"PropertyValueSpecification\",\"valueRequired\":true,\"valueName\":\"search_term_string\"}}],\"inLanguage\":\"fi\"},{\"@type\":\"Organization\",\"@id\":\"https:\\\/\\\/makulinna.fi\\\/#organization\",\"name\":\"Makulinna\",\"url\":\"https:\\\/\\\/makulinna.fi\\\/\",\"logo\":{\"@type\":\"ImageObject\",\"inLanguage\":\"fi\",\"@id\":\"https:\\\/\\\/makulinna.fi\\\/#\\\/schema\\\/logo\\\/image\\\/\",\"url\":\"https:\\\/\\\/makulinna.fi\\\/wp-content\\\/uploads\\\/2021\\\/01\\\/Color-logo-no-background.png\",\"contentUrl\":\"https:\\\/\\\/makulinna.fi\\\/wp-content\\\/uploads\\\/2021\\\/01\\\/Color-logo-no-background.png\",\"width\":3141,\"height\":3189,\"caption\":\"Makulinna\"},\"image\":{\"@id\":\"https:\\\/\\\/makulinna.fi\\\/#\\\/schema\\\/logo\\\/image\\\/\"},\"sameAs\":[\"https:\\\/\\\/www.instagram.com\\\/alladinsa\\\/\"]}]}<\/script>\n<!-- \/ Yoast SEO plugin. -->","yoast_head_json":{"title":"Maitosuklaakakku - Makulinna","robots":{"index":"index","follow":"follow","max-snippet":"max-snippet:-1","max-image-preview":"max-image-preview:large","max-video-preview":"max-video-preview:-1"},"canonical":"https:\/\/makulinna.fi\/?product=maitosuklaakakku","og_locale":"fi_FI","og_type":"article","og_title":"Maitosuklaakakku - Makulinna","og_description":"Kakku on hyvin suklainen ja t\u00e4ytel\u00e4inen makukokemus. Suklaana k\u00e4yt\u00e4n Fazerin Sinist\u00e4 maitosuklaata. V\u00e4liin on mahdollista valita suklaamoussen lis\u00e4ksi jokin seuraavista mauista:  1. vadelmamarmeladia ja vadelmarouhetta  2. mansikkahilloa ja mansikkaa  3. hedelm\u00e4marmeladia ja suklaarouhetta  Kakkuni ovat tavanomaista korkeampia, sill\u00e4 laitan t\u00e4ytett\u00e4 kolmeen kerrokseen. Pohja on rakenteeltaan pehme\u00e4, suklainen ja kuohkea. Gluteeniton alk. + 5 \u20ac kakku.  12 hengen kakku 48 \u20ac  15 hengen kakku 54 \u20ac  20 hengen kakku 67 \u20ac  Koristeluvaihtoehdot:  1. el\u00e4v\u00e4t kukat alk. 10 \u20ac  2. sokerimassakoristeet alk. 10 \u20ac  3. yhdistettyn\u00e4 macaronit, marengit, tuoreet marjat tms. alk. 9 \u20ac  (hinta sis. alv 14 %)","og_url":"https:\/\/makulinna.fi\/?product=maitosuklaakakku","og_site_name":"Makulinna","article_modified_time":"2022-07-08T20:04:09+00:00","og_image":[{"width":2560,"height":1920,"url":"https:\/\/makulinna.fi\/wp-content\/uploads\/2021\/02\/IMG_20190715_064810-scaled.jpg","type":"image\/jpeg"}],"twitter_card":"summary_large_image","schema":{"@context":"https:\/\/schema.org","@graph":[{"@type":"WebPage","@id":"https:\/\/makulinna.fi\/?product=maitosuklaakakku","url":"https:\/\/makulinna.fi\/?product=maitosuklaakakku","name":"Maitosuklaakakku - Makulinna","isPartOf":{"@id":"https:\/\/makulinna.fi\/#website"},"primaryImageOfPage":{"@id":"https:\/\/makulinna.fi\/?product=maitosuklaakakku#primaryimage"},"image":{"@id":"https:\/\/makulinna.fi\/?product=maitosuklaakakku#primaryimage"},"thumbnailUrl":"https:\/\/makulinna.fi\/wp-content\/uploads\/2021\/02\/IMG_20190715_064810-scaled.jpg","datePublished":"2021-02-15T18:27:33+00:00","dateModified":"2022-07-08T20:04:09+00:00","breadcrumb":{"@id":"https:\/\/makulinna.fi\/?product=maitosuklaakakku#breadcrumb"},"inLanguage":"fi","potentialAction":[{"@type":"ReadAction","target":["https:\/\/makulinna.fi\/?product=maitosuklaakakku"]}]},{"@type":"ImageObject","inLanguage":"fi","@id":"https:\/\/makulinna.fi\/?product=maitosuklaakakku#primaryimage","url":"https:\/\/makulinna.fi\/wp-content\/uploads\/2021\/02\/IMG_20190715_064810-scaled.jpg","contentUrl":"https:\/\/makulinna.fi\/wp-content\/uploads\/2021\/02\/IMG_20190715_064810-scaled.jpg","width":2560,"height":1920,"caption":"nfd"},{"@type":"BreadcrumbList","@id":"https:\/\/makulinna.fi\/?product=maitosuklaakakku#breadcrumb","itemListElement":[{"@type":"ListItem","position":1,"name":"Home","item":"https:\/\/makulinna.fi\/"},{"@type":"ListItem","position":2,"name":"Tuotevalikoima","item":"https:\/\/makulinna.fi\/?page_id=30"},{"@type":"ListItem","position":3,"name":"Maitosuklaakakku"}]},{"@type":"WebSite","@id":"https:\/\/makulinna.fi\/#website","url":"https:\/\/makulinna.fi\/","name":"Makulinna - Tervetuloa hyvien makujen matkaan","description":"leipomo, konditoria, kakku, leivos, catering","publisher":{"@id":"https:\/\/makulinna.fi\/#organization"},"potentialAction":[{"@type":"SearchAction","target":{"@type":"EntryPoint","urlTemplate":"https:\/\/makulinna.fi\/?s={search_term_string}"},"query-input":{"@type":"PropertyValueSpecification","valueRequired":true,"valueName":"search_term_string"}}],"inLanguage":"fi"},{"@type":"Organization","@id":"https:\/\/makulinna.fi\/#organization","name":"Makulinna","url":"https:\/\/makulinna.fi\/","logo":{"@type":"ImageObject","inLanguage":"fi","@id":"https:\/\/makulinna.fi\/#\/schema\/logo\/image\/","url":"https:\/\/makulinna.fi\/wp-content\/uploads\/2021\/01\/Color-logo-no-background.png","contentUrl":"https:\/\/makulinna.fi\/wp-content\/uploads\/2021\/01\/Color-logo-no-background.png","width":3141,"height":3189,"caption":"Makulinna"},"image":{"@id":"https:\/\/makulinna.fi\/#\/schema\/logo\/image\/"},"sameAs":["https:\/\/www.instagram.com\/alladinsa\/"]}]}},"jetpack_sharing_enabled":true,"_links":{"self":[{"href":"https:\/\/makulinna.fi\/index.php?rest_route=\/wp\/v2\/product\/395","targetHints":{"allow":["GET"]}}],"collection":[{"href":"https:\/\/makulinna.fi\/index.php?rest_route=\/wp\/v2\/product"}],"about":[{"href":"https:\/\/makulinna.fi\/index.php?rest_route=\/wp\/v2\/types\/product"}],"replies":[{"embeddable":true,"href":"https:\/\/makulinna.fi\/index.php?rest_route=%2Fwp%2Fv2%2Fcomments&post=395"}],"version-history":[{"count":8,"href":"https:\/\/makulinna.fi\/index.php?rest_route=\/wp\/v2\/product\/395\/revisions"}],"predecessor-version":[{"id":823,"href":"https:\/\/makulinna.fi\/index.php?rest_route=\/wp\/v2\/product\/395\/revisions\/823"}],"wp:featuredmedia":[{"embeddable":true,"href":"https:\/\/makulinna.fi\/index.php?rest_route=\/wp\/v2\/media\/339"}],"wp:attachment":[{"href":"https:\/\/makulinna.fi\/index.php?rest_route=%2Fwp%2Fv2%2Fmedia&parent=395"}],"wp:term":[{"taxonomy":"product_brand","embeddable":true,"href":"https:\/\/makulinna.fi\/index.php?rest_route=%2Fwp%2Fv2%2Fproduct_brand&post=395"},{"taxonomy":"product_cat","embeddable":true,"href":"https:\/\/makulinna.fi\/index.php?rest_route=%2Fwp%2Fv2%2Fproduct_cat&post=395"},{"taxonomy":"product_tag","embeddable":true,"href":"https:\/\/makulinna.fi\/index.php?rest_route=%2Fwp%2Fv2%2Fproduct_tag&post=395"}],"curies":[{"name":"wp","href":"https:\/\/api.w.org\/{rel}","templated":true}]}}