{"id":397,"date":"2021-02-15T18:28:50","date_gmt":"2021-02-15T18:28:50","guid":{"rendered":"https:\/\/makulinna.fi\/?post_type=product&#038;p=397"},"modified":"2022-07-08T20:01:25","modified_gmt":"2022-07-08T20:01:25","slug":"patkismansikkakakku","status":"publish","type":"product","link":"https:\/\/makulinna.fi\/?product=patkismansikkakakku","title":{"rendered":"P\u00e4tkis-mansikkakakku"},"content":{"rendered":"","protected":false},"excerpt":{"rendered":"<p>Herkullinen makukokemus syntyy suklaan ja mintun yhdistelm\u00e4st\u00e4. Suklaana k\u00e4yt\u00e4n suosittua minttutryffeli maitosuklaata eli P\u00e4tkist\u00e4. Lis\u00e4n\u00e4 v\u00e4liss\u00e4 suklaamoussen kanssa on tuoretta mansikkaa ja mansikkahilloa. Koristelussa k\u00e4yt\u00e4n my\u00f6s tuoreita mansikoita. Kakkuni ovat tavanomaista korkeampia, sill\u00e4 laitan t\u00e4ytett\u00e4 kolmeen kerrokseen. Pohja on rakenteeltaan pehme\u00e4, suklainen ja kuohkea. Gluteeniton alk. + 5 \u20ac kakku.<\/p>\n<p>12 hengen kakku 59 \u20ac<\/p>\n<p>15 hengen kakku 65 \u20ac<\/p>\n<p>20 hengen kakku 76 \u20ac<\/p>\n<p>(hinta sis. alv 14 %)<\/p>\n","protected":false},"featured_media":337,"comment_status":"open","ping_status":"closed","template":"","meta":{"_monsterinsights_skip_tracking":false,"_monsterinsights_sitenote_active":false,"_monsterinsights_sitenote_note":"","_monsterinsights_sitenote_category":0},"product_brand":[],"product_cat":[21],"product_tag":[],"class_list":{"0":"post-397","1":"product","2":"type-product","3":"status-publish","4":"has-post-thumbnail","6":"product_cat-suklaa","8":"first","9":"instock","10":"shipping-taxable","11":"product-type-simple"},"yoast_head":"<!-- This site is optimized with the Yoast SEO plugin v27.3 - https:\/\/yoast.com\/product\/yoast-seo-wordpress\/ -->\n<title>P\u00e4tkis-mansikkakakku - Makulinna<\/title>\n<meta name=\"robots\" content=\"index, follow, max-snippet:-1, max-image-preview:large, max-video-preview:-1\" \/>\n<link rel=\"canonical\" href=\"https:\/\/makulinna.fi\/?product=patkismansikkakakku\" \/>\n<meta property=\"og:locale\" content=\"fi_FI\" \/>\n<meta property=\"og:type\" content=\"article\" \/>\n<meta property=\"og:title\" content=\"P\u00e4tkis-mansikkakakku - Makulinna\" \/>\n<meta property=\"og:description\" content=\"Herkullinen makukokemus syntyy suklaan ja mintun yhdistelm\u00e4st\u00e4. Suklaana k\u00e4yt\u00e4n suosittua minttutryffeli maitosuklaata eli P\u00e4tkist\u00e4. Lis\u00e4n\u00e4 v\u00e4liss\u00e4 suklaamoussen kanssa on tuoretta mansikkaa ja mansikkahilloa. Koristelussa k\u00e4yt\u00e4n my\u00f6s tuoreita mansikoita. Kakkuni ovat tavanomaista korkeampia, sill\u00e4 laitan t\u00e4ytett\u00e4 kolmeen kerrokseen. Pohja on rakenteeltaan pehme\u00e4, suklainen ja kuohkea. Gluteeniton alk. + 5 \u20ac kakku.  12 hengen kakku 59 \u20ac  15 hengen kakku 65 \u20ac  20 hengen kakku 76 \u20ac  (hinta sis. alv 14 %)\" \/>\n<meta property=\"og:url\" content=\"https:\/\/makulinna.fi\/?product=patkismansikkakakku\" \/>\n<meta property=\"og:site_name\" content=\"Makulinna\" \/>\n<meta property=\"article:modified_time\" content=\"2022-07-08T20:01:25+00:00\" \/>\n<meta property=\"og:image\" content=\"https:\/\/makulinna.fi\/wp-content\/uploads\/2021\/02\/IMG_20190601_210950-scaled.jpg\" \/>\n\t<meta property=\"og:image:width\" content=\"2560\" \/>\n\t<meta property=\"og:image:height\" content=\"2336\" \/>\n\t<meta property=\"og:image:type\" content=\"image\/jpeg\" \/>\n<meta name=\"twitter:card\" content=\"summary_large_image\" \/>\n<script type=\"application\/ld+json\" class=\"yoast-schema-graph\">{\"@context\":\"https:\\\/\\\/schema.org\",\"@graph\":[{\"@type\":\"WebPage\",\"@id\":\"https:\\\/\\\/makulinna.fi\\\/?product=patkismansikkakakku\",\"url\":\"https:\\\/\\\/makulinna.fi\\\/?product=patkismansikkakakku\",\"name\":\"P\u00e4tkis-mansikkakakku - Makulinna\",\"isPartOf\":{\"@id\":\"https:\\\/\\\/makulinna.fi\\\/#website\"},\"primaryImageOfPage\":{\"@id\":\"https:\\\/\\\/makulinna.fi\\\/?product=patkismansikkakakku#primaryimage\"},\"image\":{\"@id\":\"https:\\\/\\\/makulinna.fi\\\/?product=patkismansikkakakku#primaryimage\"},\"thumbnailUrl\":\"https:\\\/\\\/makulinna.fi\\\/wp-content\\\/uploads\\\/2021\\\/02\\\/IMG_20190601_210950-scaled.jpg\",\"datePublished\":\"2021-02-15T18:28:50+00:00\",\"dateModified\":\"2022-07-08T20:01:25+00:00\",\"breadcrumb\":{\"@id\":\"https:\\\/\\\/makulinna.fi\\\/?product=patkismansikkakakku#breadcrumb\"},\"inLanguage\":\"fi\",\"potentialAction\":[{\"@type\":\"ReadAction\",\"target\":[\"https:\\\/\\\/makulinna.fi\\\/?product=patkismansikkakakku\"]}]},{\"@type\":\"ImageObject\",\"inLanguage\":\"fi\",\"@id\":\"https:\\\/\\\/makulinna.fi\\\/?product=patkismansikkakakku#primaryimage\",\"url\":\"https:\\\/\\\/makulinna.fi\\\/wp-content\\\/uploads\\\/2021\\\/02\\\/IMG_20190601_210950-scaled.jpg\",\"contentUrl\":\"https:\\\/\\\/makulinna.fi\\\/wp-content\\\/uploads\\\/2021\\\/02\\\/IMG_20190601_210950-scaled.jpg\",\"width\":2560,\"height\":2336,\"caption\":\"nfd\"},{\"@type\":\"BreadcrumbList\",\"@id\":\"https:\\\/\\\/makulinna.fi\\\/?product=patkismansikkakakku#breadcrumb\",\"itemListElement\":[{\"@type\":\"ListItem\",\"position\":1,\"name\":\"Home\",\"item\":\"https:\\\/\\\/makulinna.fi\\\/\"},{\"@type\":\"ListItem\",\"position\":2,\"name\":\"Tuotevalikoima\",\"item\":\"https:\\\/\\\/makulinna.fi\\\/?page_id=30\"},{\"@type\":\"ListItem\",\"position\":3,\"name\":\"P\u00e4tkis-mansikkakakku\"}]},{\"@type\":\"WebSite\",\"@id\":\"https:\\\/\\\/makulinna.fi\\\/#website\",\"url\":\"https:\\\/\\\/makulinna.fi\\\/\",\"name\":\"Makulinna - Tervetuloa hyvien makujen matkaan\",\"description\":\"leipomo, konditoria, kakku, leivos, catering\",\"publisher\":{\"@id\":\"https:\\\/\\\/makulinna.fi\\\/#organization\"},\"potentialAction\":[{\"@type\":\"SearchAction\",\"target\":{\"@type\":\"EntryPoint\",\"urlTemplate\":\"https:\\\/\\\/makulinna.fi\\\/?s={search_term_string}\"},\"query-input\":{\"@type\":\"PropertyValueSpecification\",\"valueRequired\":true,\"valueName\":\"search_term_string\"}}],\"inLanguage\":\"fi\"},{\"@type\":\"Organization\",\"@id\":\"https:\\\/\\\/makulinna.fi\\\/#organization\",\"name\":\"Makulinna\",\"url\":\"https:\\\/\\\/makulinna.fi\\\/\",\"logo\":{\"@type\":\"ImageObject\",\"inLanguage\":\"fi\",\"@id\":\"https:\\\/\\\/makulinna.fi\\\/#\\\/schema\\\/logo\\\/image\\\/\",\"url\":\"https:\\\/\\\/makulinna.fi\\\/wp-content\\\/uploads\\\/2021\\\/01\\\/Color-logo-no-background.png\",\"contentUrl\":\"https:\\\/\\\/makulinna.fi\\\/wp-content\\\/uploads\\\/2021\\\/01\\\/Color-logo-no-background.png\",\"width\":3141,\"height\":3189,\"caption\":\"Makulinna\"},\"image\":{\"@id\":\"https:\\\/\\\/makulinna.fi\\\/#\\\/schema\\\/logo\\\/image\\\/\"},\"sameAs\":[\"https:\\\/\\\/www.instagram.com\\\/alladinsa\\\/\"]}]}<\/script>\n<!-- \/ Yoast SEO plugin. -->","yoast_head_json":{"title":"P\u00e4tkis-mansikkakakku - Makulinna","robots":{"index":"index","follow":"follow","max-snippet":"max-snippet:-1","max-image-preview":"max-image-preview:large","max-video-preview":"max-video-preview:-1"},"canonical":"https:\/\/makulinna.fi\/?product=patkismansikkakakku","og_locale":"fi_FI","og_type":"article","og_title":"P\u00e4tkis-mansikkakakku - Makulinna","og_description":"Herkullinen makukokemus syntyy suklaan ja mintun yhdistelm\u00e4st\u00e4. Suklaana k\u00e4yt\u00e4n suosittua minttutryffeli maitosuklaata eli P\u00e4tkist\u00e4. Lis\u00e4n\u00e4 v\u00e4liss\u00e4 suklaamoussen kanssa on tuoretta mansikkaa ja mansikkahilloa. Koristelussa k\u00e4yt\u00e4n my\u00f6s tuoreita mansikoita. Kakkuni ovat tavanomaista korkeampia, sill\u00e4 laitan t\u00e4ytett\u00e4 kolmeen kerrokseen. Pohja on rakenteeltaan pehme\u00e4, suklainen ja kuohkea. Gluteeniton alk. + 5 \u20ac kakku.  12 hengen kakku 59 \u20ac  15 hengen kakku 65 \u20ac  20 hengen kakku 76 \u20ac  (hinta sis. alv 14 %)","og_url":"https:\/\/makulinna.fi\/?product=patkismansikkakakku","og_site_name":"Makulinna","article_modified_time":"2022-07-08T20:01:25+00:00","og_image":[{"width":2560,"height":2336,"url":"https:\/\/makulinna.fi\/wp-content\/uploads\/2021\/02\/IMG_20190601_210950-scaled.jpg","type":"image\/jpeg"}],"twitter_card":"summary_large_image","schema":{"@context":"https:\/\/schema.org","@graph":[{"@type":"WebPage","@id":"https:\/\/makulinna.fi\/?product=patkismansikkakakku","url":"https:\/\/makulinna.fi\/?product=patkismansikkakakku","name":"P\u00e4tkis-mansikkakakku - Makulinna","isPartOf":{"@id":"https:\/\/makulinna.fi\/#website"},"primaryImageOfPage":{"@id":"https:\/\/makulinna.fi\/?product=patkismansikkakakku#primaryimage"},"image":{"@id":"https:\/\/makulinna.fi\/?product=patkismansikkakakku#primaryimage"},"thumbnailUrl":"https:\/\/makulinna.fi\/wp-content\/uploads\/2021\/02\/IMG_20190601_210950-scaled.jpg","datePublished":"2021-02-15T18:28:50+00:00","dateModified":"2022-07-08T20:01:25+00:00","breadcrumb":{"@id":"https:\/\/makulinna.fi\/?product=patkismansikkakakku#breadcrumb"},"inLanguage":"fi","potentialAction":[{"@type":"ReadAction","target":["https:\/\/makulinna.fi\/?product=patkismansikkakakku"]}]},{"@type":"ImageObject","inLanguage":"fi","@id":"https:\/\/makulinna.fi\/?product=patkismansikkakakku#primaryimage","url":"https:\/\/makulinna.fi\/wp-content\/uploads\/2021\/02\/IMG_20190601_210950-scaled.jpg","contentUrl":"https:\/\/makulinna.fi\/wp-content\/uploads\/2021\/02\/IMG_20190601_210950-scaled.jpg","width":2560,"height":2336,"caption":"nfd"},{"@type":"BreadcrumbList","@id":"https:\/\/makulinna.fi\/?product=patkismansikkakakku#breadcrumb","itemListElement":[{"@type":"ListItem","position":1,"name":"Home","item":"https:\/\/makulinna.fi\/"},{"@type":"ListItem","position":2,"name":"Tuotevalikoima","item":"https:\/\/makulinna.fi\/?page_id=30"},{"@type":"ListItem","position":3,"name":"P\u00e4tkis-mansikkakakku"}]},{"@type":"WebSite","@id":"https:\/\/makulinna.fi\/#website","url":"https:\/\/makulinna.fi\/","name":"Makulinna - Tervetuloa hyvien makujen matkaan","description":"leipomo, konditoria, kakku, leivos, catering","publisher":{"@id":"https:\/\/makulinna.fi\/#organization"},"potentialAction":[{"@type":"SearchAction","target":{"@type":"EntryPoint","urlTemplate":"https:\/\/makulinna.fi\/?s={search_term_string}"},"query-input":{"@type":"PropertyValueSpecification","valueRequired":true,"valueName":"search_term_string"}}],"inLanguage":"fi"},{"@type":"Organization","@id":"https:\/\/makulinna.fi\/#organization","name":"Makulinna","url":"https:\/\/makulinna.fi\/","logo":{"@type":"ImageObject","inLanguage":"fi","@id":"https:\/\/makulinna.fi\/#\/schema\/logo\/image\/","url":"https:\/\/makulinna.fi\/wp-content\/uploads\/2021\/01\/Color-logo-no-background.png","contentUrl":"https:\/\/makulinna.fi\/wp-content\/uploads\/2021\/01\/Color-logo-no-background.png","width":3141,"height":3189,"caption":"Makulinna"},"image":{"@id":"https:\/\/makulinna.fi\/#\/schema\/logo\/image\/"},"sameAs":["https:\/\/www.instagram.com\/alladinsa\/"]}]}},"jetpack_sharing_enabled":true,"_links":{"self":[{"href":"https:\/\/makulinna.fi\/index.php?rest_route=\/wp\/v2\/product\/397","targetHints":{"allow":["GET"]}}],"collection":[{"href":"https:\/\/makulinna.fi\/index.php?rest_route=\/wp\/v2\/product"}],"about":[{"href":"https:\/\/makulinna.fi\/index.php?rest_route=\/wp\/v2\/types\/product"}],"replies":[{"embeddable":true,"href":"https:\/\/makulinna.fi\/index.php?rest_route=%2Fwp%2Fv2%2Fcomments&post=397"}],"version-history":[{"count":8,"href":"https:\/\/makulinna.fi\/index.php?rest_route=\/wp\/v2\/product\/397\/revisions"}],"predecessor-version":[{"id":822,"href":"https:\/\/makulinna.fi\/index.php?rest_route=\/wp\/v2\/product\/397\/revisions\/822"}],"wp:featuredmedia":[{"embeddable":true,"href":"https:\/\/makulinna.fi\/index.php?rest_route=\/wp\/v2\/media\/337"}],"wp:attachment":[{"href":"https:\/\/makulinna.fi\/index.php?rest_route=%2Fwp%2Fv2%2Fmedia&parent=397"}],"wp:term":[{"taxonomy":"product_brand","embeddable":true,"href":"https:\/\/makulinna.fi\/index.php?rest_route=%2Fwp%2Fv2%2Fproduct_brand&post=397"},{"taxonomy":"product_cat","embeddable":true,"href":"https:\/\/makulinna.fi\/index.php?rest_route=%2Fwp%2Fv2%2Fproduct_cat&post=397"},{"taxonomy":"product_tag","embeddable":true,"href":"https:\/\/makulinna.fi\/index.php?rest_route=%2Fwp%2Fv2%2Fproduct_tag&post=397"}],"curies":[{"name":"wp","href":"https:\/\/api.w.org\/{rel}","templated":true}]}}